

	{"id":830,"date":"2016-02-25T01:54:18","date_gmt":"2016-02-25T01:54:18","guid":{"rendered":"https:\/\/www.cstuit.com\/home\/?page_id=830"},"modified":"2024-12-09T06:00:07","modified_gmt":"2024-12-09T09:00:07","slug":"formacao-teorica","status":"publish","type":"page","link":"https:\/\/www.cstuit.com\/home\/formacao-teorica\/","title":{"rendered":"Forma\u00e7\u00e3o Te\u00f3rica"},"content":{"rendered":"<div id=\"pl-830\"  class=\"panel-layout\" ><div id=\"pg-830-0\"  class=\"panel-grid panel-no-style\" ><div id=\"pgc-830-0-0\"  class=\"panel-grid-cell\" ><div id=\"panel-830-0-0-0\" class=\"so-panel widget widget_sow-editor panel-first-child panel-last-child\" data-index=\"0\" ><div\n\t\t\t\n\t\t\tclass=\"so-widget-sow-editor so-widget-sow-editor-base\"\n\t\t\t\n\t\t>\n<div class=\"siteorigin-widget-tinymce textwidget\">\n\t<p>A forma\u00e7\u00e3o te\u00f3rica \u00e9 indispens\u00e1vel para que militantes compreendam, analisem e atuem nas lutas pol\u00edticas e sociais. O estudo de Lenin, Trotsky e Nahuel Moreno oferece ferramentas essenciais para enfrentar desafios e construir estrat\u00e9gias revolucion\u00e1rias, conectando a experi\u00eancia hist\u00f3rica \u00e0 a\u00e7\u00e3o transformadora do presente.<\/p>\n        <div class=\"oxi-addons-container oxi-accordions-wrapper oxi-accordions-wrapper-2\" id=\"oxi-accordions-wrapper-2\">\r\n            <div class=\"oxi-addons-row\">\r\n                <div class=\"oxi-accordions-ultimate-style oxi-accordions-ultimate-template-2  oxi-accordions-clearfix oxi-accordions-preloader\"  data-oxi-trigger=\"click\" data-oxi-accordions-type=\"toggle\" data-oxi-auto-play=\"3000\"  style=\"opacity:0\"><div class=\"oxi-accordions-single-card oxi-accordions-single-card-2 0 oxi-accordions-single-card-2-1 0\" id=\"oxi-accordions-single-card-2-1\"><div class=\"oxi-accordions-head-outside-body\"><div class=\"oxi-accordions-header-card\">  <div class=\"oxi-accordions-header-body  oxi-accordions-header oxi-accordions-clearfix\"   data-oxitoggle=\"oxicollapse\" data-oxitarget=\"#oxi-accordions-content-2-1\" aria-expanded=\"false\" ><div class=\"oxi-accordions-expand-collapse-2 oxi-accordions-expand-collapse  oxi-accordions-expand-collapse-active oxi-accordions-head-expand-collapse-type-icon oxi-accordion-expand-0\"><div class=\"oxi-accordions-expand-collapse-number\">1<\/div><div class=\"oxi-accordions-expand-collapse-icon\">\r\n                        <div class=\"oxi-accordions-expand-icon\">\r\n                        <i class=\"fas fa-plus oxi-icons\"><\/i>\r\n                        <\/div>\r\n                        <div class=\"oxi-accordions-collapse-icon\">\r\n                         <i class=\"fas fa-minus oxi-icons\"><\/i>\r\n                        <\/div>\r\n                    <\/div><\/div>      <div class=\"oxi-accordions-header-content 0 0\"><div class='oxi-accordions-header-title'><div class='oxi-accordions-main-title'>Leon Trotsky<\/div><\/div>      <\/div>\r\n                     <\/div>\r\n                    <\/div>  <div class=\"oxicollapse  oxi-accordions-content-card oxi-accordions-content-card-2  \" id=\"oxi-accordions-content-2-1\" >     <div class=\"oxi-accordions-content-body 0 oxi-accordions-content-mx-height-interface-button \"  oxi-animation=\"animate__fadeIn\"><a href=\"http:\/\/cstpsol.com\/home\/dl\/Leon%20Trotsky\/Uma%20entrevista%20com%20Leon%20Trotsky.pdf\" target=\"_blank\">Uma Entrevista com Leon Trotsky<\/a><br>\r\n\r\n<a href=\"http:\/\/cstpsol.com\/home\/dl\/Leon%20Trotsky\/Uma%20Carta%20\u00e0%20Juventude.pdf\" target=\"_blank\">Uma Carta \u00e0 Juventude<\/a><br>\r\n\r\n<a href=\"http:\/\/cstpsol.com\/home\/dl\/Leon%20Trotsky\/Testamento.pdf\" target=\"_blank\">Testamento<\/a><br>\r\n\r\n<a href=\"http:\/\/cstpsol.com\/home\/dl\/Leon%20Trotsky\/Saber%20Militar%20e%20Marxismo.pdf\" target=\"_blank\">Saber Militar e Marxismo<\/a><br>\r\n\r\n<a href=\"http:\/\/cstpsol.com\/home\/dl\/Leon%20Trotsky\/Programa%20de%20Transi\u00e7\u00e3o.pdf\" target=\"_blank\">Programa de Transi\u00e7\u00e3o<\/a><br>\r\n\r\n<a href=\"http:\/\/cstpsol.com\/home\/dl\/Leon%20Trotsky\/Porque%20os%20Marxistas%20se%20Op\u00f5em%20ao%20Terrorismo%20Individual.pdf\" target=\"_blank\">Porqu\u00ea os Marxistas se Op\u00f5em ao Terrorismo Individual<\/a><br>\r\n\r\n<a href=\"http:\/\/cstpsol.com\/home\/dl\/Leon%20Trotsky\/Os%20Sindicatos%20na%20\u00c9poca%20da%20Decad\u00eancia%20Imperialista.pdf\" target=\"_blank\">Os Sindicatos na \u00c9poca da Decad\u00eancia Imperialista<\/a><br>\r\n\r\n<a href=\"http:\/\/cstpsol.com\/home\/dl\/Leon%20Trotsky\/Os%20Estados%20Unidos%20ap\u00f3s%20a%20Crise%20de%201929.pdf\" target=\"_blank\">Os Estados Unidos ap\u00f3s a Crise de 1929<\/a><br>\r\n\r\n<a href=\"http:\/\/cstpsol.com\/home\/dl\/Leon%20Trotsky\/O%20Suic\u00eddio%20de%20Maiakovsky.pdf\" target=\"_blank\">O Suic\u00eddio de Maiakovsky<\/a><br>\r\n\r\n<a href=\"http:\/\/cstpsol.com\/home\/dl\/Leon%20Trotsky\/O%20Que%20\u00e9%20uma%20Situa\u00e7\u00e3o%20Revolucion\u00e1ria.pdf\" target=\"_blank\">O Que \u00e9 uma Situa\u00e7\u00e3o Revolucion\u00e1ria<\/a><br>\r\n\r\n<a href=\"http:\/\/cstpsol.com\/home\/dl\/Leon%20Trotsky\/O%20Que%20\u00e9%20o%20Centrismo.pdf\" target=\"_blank\">O Que \u00e9 o Centrismo<\/a><br>\r\n\r\n<a href=\"http:\/\/cstpsol.com\/home\/dl\/Leon%20Trotsky\/O%20Que%20Foi%20a%20Revolu\u00e7\u00e3o%20de%20Outubro.pdf\" target=\"_blank\">O Que Foi a Revolu\u00e7\u00e3o de Outubro<\/a><br>\r\n\r\n<a href=\"http:\/\/cstpsol.com\/home\/dl\/Leon%20Trotsky\/O%20Problema%20Nacional%20e%20as%20Tarefas%20do%20Partido%20Prolet\u00e1rio.pdf\" target=\"_blank\">O Problema Nacional e as Tarefas do Partido Prolet\u00e1rio<\/a><br>\r\n\r\n<a href=\"http:\/\/cstpsol.com\/home\/dl\/Leon%20Trotsky\/O%20Perigo%20Fascista%20Paira%20Sobre%20a%20Alemanha.pdf\" target=\"_blank\">O Perigo Fascista Paira Sobre a Alemanha<\/a><br>\r\n\r\n<a href=\"http:\/\/cstpsol.com\/home\/dl\/Leon%20Trotsky\/O%20Homem%20N\u00e3o%20Vive%20S\u00f3%20de%20Pol\u00edtica.pdf\" target=\"_blank\">O Homem N\u00e3o Vive S\u00f3 de Pol\u00edtica<\/a><br>\r\n\r\n<a href=\"http:\/\/cstpsol.com\/home\/dl\/Leon%20Trotsky\/O%20Futurismo.pdf\" target=\"_blank\">O Futurismo<\/a><br>\r\n\r\n<a href=\"http:\/\/cstpsol.com\/home\/dl\/Leon%20Trotsky\/Moral%20e%20Revolu\u00e7\u00e3o.pdf\" target=\"_blank\">Moral e Revolu\u00e7\u00e3o<\/a><br>\r\n\r\n<a href=\"http:\/\/cstpsol.com\/home\/dl\/Leon%20Trotsky\/Menchevismo%20e%20Bolchevismo%20na%20Espanha.pdf\" target=\"_blank\">Menchevismo e Bolchevismo na Espanha<\/a><br>\r\n\r\n<a href=\"http:\/\/cstpsol.com\/home\/dl\/Leon%20Trotsky\/Est\u00e1%20na%20Alemanha%20a%20Chave%20da%20Situa\u00e7\u00e3o%20Internacional.pdf\" target=\"_blank\">Est\u00e1 na Alemanha a Chave da Situa\u00e7\u00e3o Internacional<\/a><br>\r\n\r\n<a href=\"http:\/\/cstpsol.com\/home\/dl\/Leon%20Trotsky\/Estalinismo%20e%20Bolchevismo.pdf\" target=\"_blank\">Estalinismo e Bolchevismo<\/a><br>\r\n\r\n<a href=\"http:\/\/cstpsol.com\/home\/dl\/Leon%20Trotsky\/Discurso%20Gravado%20para%20Confer\u00eancia%20de%20Funda\u00e7\u00e3o%20da%20IV%20Internacional.pdf\" target=\"_blank\">Discurso Gravado para Confer\u00eancia de Funda\u00e7\u00e3o da IV Internacional<\/a><br>\r\n\r\n<a href=\"http:\/\/cstpsol.com\/home\/dl\/Leon%20Trotsky\/Carta%20Aberta%20aos%20Trabalhadores%20da%20\u00cdndia.pdf\" target=\"_blank\">Carta Aberta aos Trabalhadores da \u00cdndia<\/a><br>\r\n\r\n<a href=\"http:\/\/cstpsol.com\/home\/dl\/Leon%20Trotsky\/As%20Li\u00e7\u00f5es%20de%20Outubro.pdf\" target=\"_blank\">As Li\u00e7\u00f5es de Outubro<\/a><br>\r\n\r\n<a href=\"http:\/\/cstpsol.com\/home\/dl\/Leon%20Trotsky\/Aonde%20Vai%20a%20Fran\u00e7a.pdf\" target=\"_blank\">Aonde Vai a Fran\u00e7a<\/a><br>\r\n\r\n<a href=\"http:\/\/cstpsol.com\/home\/dl\/Leon%20Trotsky\/A%20Trai\u00e7\u00e3o%20do%20POUM.pdf\" target=\"_blank\">A Trai\u00e7\u00e3o do POUM<\/a><br>\r\n\r\n<a href=\"http:\/\/cstpsol.com\/home\/dl\/Leon%20Trotsky\/A%20Revolu\u00e7\u00e3o%20Permanente.pdf\" target=\"_blank\">A Revolu\u00e7\u00e3o Permanente<\/a><br>\r\n\r\n<a href=\"http:\/\/cstpsol.com\/home\/dl\/Leon%20Trotsky\/A%20Revolu\u00e7\u00e3o%20de%201905.pdf\" target=\"_blank\">A Revolu\u00e7\u00e3o de 1905<\/a><br>\r\n\r\n<a href=\"http:\/\/cstpsol.com\/home\/dl\/Leon%20Trotsky\/A%20quest\u00e3o%20da%20unidade%20sindical.pdf\" target=\"_blank\">A quest\u00e3o da unidade sindical<\/a><br>\r\n\r\n<a href=\"http:\/\/cstpsol.com\/home\/dl\/Leon%20Trotsky\/A%20Questom%20Ucraniana.pdf\" target=\"_blank\">A Questom Ucraniana<\/a><br>\r\n\r\n<a href=\"http:\/\/cstpsol.com\/home\/dl\/Leon%20Trotsky\/A%20Palavra%20de%20Ordem%20de%20Assembl\u00e9ia%20Nacional%20na%20China.pdf\" target=\"_blank\">A Palavra de Ordem de Assembl\u00e9ia Nacional na China<\/a><br>\r\n\r\n<a href=\"http:\/\/cstpsol.com\/home\/dl\/Leon%20Trotsky\/A%20Fran\u00e7a%20na%20Encruzilhada.pdf\" target=\"_blank\">A Fran\u00e7a na Encruzilhada<\/a><br>\r\n\r\n<a href=\"http:\/\/cstpsol.com\/home\/dl\/Leon%20Trotsky\/90%20Anos%20do%20Manifesto%20Comunista.pdf\" target=\"_blank\">90 Anos do Manifesto Comunista<\/a><br>\r\n\r\n<a href=\"http:\/\/cstpsol.com\/home\/dl\/Leon%20Trotsky\/Leon%20Trotsky%20(PDF)%20fev16.zip\" target=\"_blank\">-- Baixar todos (PDF)<\/a><br>\r\n\r\n<a href=\"http:\/\/cstpsol.com\/home\/dl\/Leon%20Trotsky\/Leon%20Trotsky%20(DOC)%20fev16.zip\" target=\"_blank\">-- Baixar todos (Word)<\/a><br>      <\/div>\r\n                    <\/div>\r\n\r\n                    <\/div>\r\n                <\/div><div class=\"oxi-accordions-single-card oxi-accordions-single-card-2 0 oxi-accordions-single-card-2-2 0\" id=\"oxi-accordions-single-card-2-2\"><div class=\"oxi-accordions-head-outside-body\"><div class=\"oxi-accordions-header-card\">  <div class=\"oxi-accordions-header-body  oxi-accordions-header oxi-accordions-clearfix\"   data-oxitoggle=\"oxicollapse\" data-oxitarget=\"#oxi-accordions-content-2-2\" aria-expanded=\"false\" ><div class=\"oxi-accordions-expand-collapse-2 oxi-accordions-expand-collapse  oxi-accordions-expand-collapse-active oxi-accordions-head-expand-collapse-type-icon oxi-accordion-expand-0\"><div class=\"oxi-accordions-expand-collapse-number\">2<\/div><div class=\"oxi-accordions-expand-collapse-icon\">\r\n                        <div class=\"oxi-accordions-expand-icon\">\r\n                        <i class=\"fas fa-plus oxi-icons\"><\/i>\r\n                        <\/div>\r\n                        <div class=\"oxi-accordions-collapse-icon\">\r\n                         <i class=\"fas fa-minus oxi-icons\"><\/i>\r\n                        <\/div>\r\n                    <\/div><\/div>      <div class=\"oxi-accordions-header-content 0 0\"><div class='oxi-accordions-header-title'><div class='oxi-accordions-main-title'>Vladimir Lenin<\/div><\/div>      <\/div>\r\n                     <\/div>\r\n                    <\/div>  <div class=\"oxicollapse  oxi-accordions-content-card oxi-accordions-content-card-2  \" id=\"oxi-accordions-content-2-2\" >     <div class=\"oxi-accordions-content-body 0 oxi-accordions-content-mx-height-interface-button \"  oxi-animation=\"animate__fadeIn\"><a href=\"http:\/\/cstpsol.com\/home\/dl\/Vladimir%20Lenin\/Uma%20Grande%20Iniciativa.pdf\" target=\"_blank\">Uma Grande Iniciativa<\/a><br>\r\n\r\n<a href=\"http:\/\/cstpsol.com\/home\/dl\/Vladimir%20Lenin\/Um%20Passo%20em%20Frente%20Dois%20Passos%20Atr\u00e1s.pdf\" target=\"_blank\">Um Passo em Frente Dois Passos Atr\u00e1s<\/a><br>\r\n\r\n<a href=\"http:\/\/cstpsol.com\/home\/dl\/Vladimir%20Lenin\/Teses%20de%20Abril.pdf\" target=\"_blank\">Teses de Abril<\/a><br>\r\n\r\n<a href=\"http:\/\/cstpsol.com\/home\/dl\/Vladimir%20Lenin\/Sobres%20as%20Greves.pdf\" target=\"_blank\">Sobres as Greves<\/a><br>\r\n\r\n<a href=\"http:\/\/cstpsol.com\/home\/dl\/Vladimir%20Lenin\/O%20Ex\u00e9rcito%20e%20a%20Revolu\u00e7\u00e3o.pdf\" target=\"_blank\">O Ex\u00e9rcito e a Revolu\u00e7\u00e3o<\/a><br>\r\n\r\n<a href=\"http:\/\/cstpsol.com\/home\/dl\/Vladimir%20Lenin\/O%20Estado.pdf\" target=\"_blank\">O Estado<\/a><br>\r\n\r\n<a href=\"http:\/\/cstpsol.com\/home\/dl\/Vladimir%20Lenin\/O%20Estado%20e%20a%20Revolu\u00e7\u00e3o.pdf\" target=\"_blank\">O Estado e a Revolu\u00e7\u00e3o<\/a><br>\r\n\r\n<a href=\"http:\/\/cstpsol.com\/home\/dl\/Vladimir%20Lenin\/O%20Come\u00e7o%20da%20Revolu\u00e7\u00e3o%20na%20R\u00fassia.pdf\" target=\"_blank\">O Come\u00e7o da Revolu\u00e7\u00e3o na R\u00fassia<\/a><br>\r\n\r\n<a href=\"http:\/\/cstpsol.com\/home\/dl\/Vladimir%20Lenin\/O%20Capitalismo%20e%20o%20Parlamento.pdf\" target=\"_blank\">O Capitalismo e o Parlamento<\/a><br>\r\n\r\n<a href=\"http:\/\/cstpsol.com\/home\/dl\/Vladimir%20Lenin\/Marxismo%20e%20Revisionismo.pdf\" target=\"_blank\">Marxismo e Revisionismo<\/a><br>\r\n\r\n<a href=\"http:\/\/cstpsol.com\/home\/dl\/Vladimir%20Lenin\/Karl%20Marx.pdf\" target=\"_blank\">Karl Marx<\/a><br>\r\n\r\n<a href=\"http:\/\/cstpsol.com\/home\/dl\/Vladimir%20Lenin\/Imperialismo,%20Fase%20Superior%20do%20Capitalismo.pdf\" target=\"_blank\">Imperialismo, Fase Superior do Capitalismo<\/a><br>\r\n\r\n<a href=\"http:\/\/cstpsol.com\/home\/dl\/Vladimir%20Lenin\/Friedrich%20Engels.pdf\" target=\"_blank\">Friedrich Engels<\/a><br>\r\n\r\n<a href=\"http:\/\/cstpsol.com\/home\/dl\/Vladimir%20Lenin\/Em%20Mem\u00f3ria%20da%20Comuna.pdf\" target=\"_blank\">Em Mem\u00f3ria da Comuna<\/a><br>\r\n\r\n<a href=\"http:\/\/cstpsol.com\/home\/dl\/Vladimir%20Lenin\/Devemos%20N\u00f3s%20Boicotar%20a%20Duma%20Estatal.pdf\" target=\"_blank\">Devemos N\u00f3s Boicotar a Duma Estatal<\/a><br>\r\n\r\n<a href=\"http:\/\/cstpsol.com\/home\/dl\/Vladimir%20Lenin\/Carta%20ao%20Congresso.pdf\" target=\"_blank\">Carta ao Congresso<\/a><br>\r\n\r\n<a href=\"http:\/\/cstpsol.com\/home\/dl\/Vladimir%20Lenin\/Carta%20a%20Um%20Camarada.pdf\" target=\"_blank\">Carta a Um Camarada<\/a><br>\r\n\r\n<a href=\"http:\/\/cstpsol.com\/home\/dl\/Vladimir%20Lenin\/As%20Tr\u00eas%20Fontes%20e%20as%20Tr\u00eas%20Partes%20Constitutivas%20do%20Marxismo.pdf\" target=\"_blank\">As Tr\u00eas Fontes e as Tr\u00eas Partes Constitutivas do Marxismo<\/a><br>\r\n\r\n<a href=\"http:\/\/cstpsol.com\/home\/dl\/Vladimir%20Lenin\/As%20Li\u00e7\u00f5es%20da%20Revolu\u00e7\u00e3o.pdf\" target=\"_blank\">As Li\u00e7\u00f5es da Revolu\u00e7\u00e3o<\/a><br>\r\n\r\n<a href=\"http:\/\/cstpsol.com\/home\/dl\/Vladimir%20Lenin\/Aos%20Cidad\u00e3os%20Russos.pdf\" target=\"_blank\">Aos Cidad\u00e3os Russos<\/a><br>\r\n\r\n<a href=\"http:\/\/cstpsol.com\/home\/dl\/Vladimir%20Lenin\/Ao%20Proletariado%20Russo.pdf\" target=\"_blank\">Ao Proletariado Russo<\/a><br>\r\n\r\n<a href=\"http:\/\/cstpsol.com\/home\/dl\/Vladimir%20Lenin\/A%20respeito%20do%20problema%20das%20Nacionalidades%20ou%20Sobre%20a%20Autonomiza\u00e7\u00e3o.pdf\" target=\"_blank\">A respeito do problema das Nacionalidades ou Sobre a Autonomiza\u00e7\u00e3o<\/a><br>\r\n\r\n<a href=\"http:\/\/cstpsol.com\/home\/dl\/Vladimir%20Lenin\/A%20Que%20Heran\u00e7a%20Renunciamos.pdf\" target=\"_blank\">A Que Heran\u00e7a Renunciamos<\/a><br>\r\n\r\n<a href=\"http:\/\/cstpsol.com\/home\/dl\/Vladimir%20Lenin\/A%20Fal\u00eancia%20da%20II%20Internacional.pdf\" target=\"_blank\">A Fal\u00eancia da II Internacional<\/a><br>\r\n\r\n<a href=\"http:\/\/cstpsol.com\/home\/dl\/Vladimir%20Lenin\/Lenin%20(PDF)%20fev16.zip\" target=\"_blank\">-- Baixar todos (PDF)<\/a><br>\r\n\r\n<a href=\"http:\/\/cstpsol.com\/home\/dl\/Vladimir%20Lenin\/Lenin%20(DOC)%20fev16.zip\" target=\"_blank\">-- Baixar todos (Word)<\/a>      <\/div>\r\n                    <\/div>\r\n\r\n                    <\/div>\r\n                <\/div><div class=\"oxi-accordions-single-card oxi-accordions-single-card-2 0 oxi-accordions-single-card-2-3 0\" id=\"oxi-accordions-single-card-2-3\"><div class=\"oxi-accordions-head-outside-body\"><div class=\"oxi-accordions-header-card\">  <div class=\"oxi-accordions-header-body  oxi-accordions-header oxi-accordions-clearfix\"   data-oxitoggle=\"oxicollapse\" data-oxitarget=\"#oxi-accordions-content-2-3\" aria-expanded=\"false\" ><div class=\"oxi-accordions-expand-collapse-2 oxi-accordions-expand-collapse  oxi-accordions-expand-collapse-active oxi-accordions-head-expand-collapse-type-icon oxi-accordion-expand-0\"><div class=\"oxi-accordions-expand-collapse-number\">3<\/div><div class=\"oxi-accordions-expand-collapse-icon\">\r\n                        <div class=\"oxi-accordions-expand-icon\">\r\n                        <i class=\"fas fa-plus oxi-icons\"><\/i>\r\n                        <\/div>\r\n                        <div class=\"oxi-accordions-collapse-icon\">\r\n                         <i class=\"fas fa-minus oxi-icons\"><\/i>\r\n                        <\/div>\r\n                    <\/div><\/div>      <div class=\"oxi-accordions-header-content 0 0\"><div class='oxi-accordions-header-title'><div class='oxi-accordions-main-title'>Nahuel Moreno<\/div><\/div>      <\/div>\r\n                     <\/div>\r\n                    <\/div>  <div class=\"oxicollapse  oxi-accordions-content-card oxi-accordions-content-card-2  \" id=\"oxi-accordions-content-2-3\" >     <div class=\"oxi-accordions-content-body 0 oxi-accordions-content-mx-height-interface-button \"  oxi-animation=\"animate__fadeIn\"><a href=\"http:\/\/cstpsol.com\/home\/dl\/Nahuel Moreno\/A Trai\u00e7\u00e3o da OCI.pdf\">A Trai\u00e7\u00e3o da OCI<\/a><br>\r\n<a href=\"http:\/\/cstpsol.com\/home\/dl\/Nahuel Moreno\/Ser Trotskista Hoje.pdf\">Ser Trotskista Hoje<\/a><br>\r\n<a href=\"http:\/\/cstpsol.com\/home\/dl\/Nahuel Moreno\/Problemas de Organiza\u00e7\u00e3o.pdf\">Problemas de Organiza\u00e7\u00e3o<\/a><br>\r\n<a href=\"http:\/\/cstpsol.com\/home\/dl\/Nahuel Moreno\/Conceitos Pol\u00edticos B\u00e1sicos.pdf\">Conceitos Pol\u00edticos B\u00e1sicos<\/a><br>\r\n<a href=\"http:\/\/cstpsol.com\/home\/dl\/Nahuel Moreno\/As Revolu\u00e7\u00f5es do S\u00e9culo XX.pdf\">As Revolu\u00e7\u00f5es do S\u00e9culo XX<\/a><br>\r\n<a href=\"http:\/\/cstpsol.com\/home\/dl\/Nahuel Moreno\/A Moral e a Atividade Revolucion\u00e1ria.pdf\">A Moral e a Atividade Revolucion\u00e1ria<\/a><br>\r\n<a href=\"http:\/\/cstpsol.com\/home\/dl\/Nahuel Moreno\/A Frente \u00danica Antiimperialista como Express\u00e3o da Teoria dos Campos Burgueses Progressivos.pdf\">A Frente \u00danica Antiimperialista como Express\u00e3o da Teoria dos Campos Burgueses Progressivos<\/a><br>\r\n\r\n<a href=\"http:\/\/cstpsol.com\/home\/dl\/Nahuel%20Moreno\/Nahuel%20Moreno%20(PDF)%20fev16.zip\" target=\"_blank\">-- Baixar todos (PDF)<\/a><br>\r\n\r\n<a href=\"http:\/\/cstpsol.com\/home\/dl\/Nahuel%20Moreno\/Nahuel%20Moreno%20(DOC)%20fev16.zip\" target=\"_blank\">-- Baixar todos (Word)<\/a><br>      <\/div>\r\n                    <\/div>\r\n\r\n                    <\/div>\r\n                <\/div><\/div>            <\/div>\r\n        <\/div>\r\n\n<\/div>\n<\/div><\/div><\/div><\/div><div id=\"pg-830-1\"  class=\"panel-grid panel-no-style\" ><div id=\"pgc-830-1-0\"  class=\"panel-grid-cell panel-grid-cell-empty\" ><\/div><\/div><\/div>","protected":false},"excerpt":{"rendered":"<p>A forma\u00e7\u00e3o te\u00f3rica \u00e9 indispens\u00e1vel para que militantes compreendam, analisem e atuem nas lutas pol\u00edticas e sociais. O estudo de Lenin, Trotsky e Nahuel Moreno oferece ferramentas essenciais para enfrentar desafios e construir estrat\u00e9gias revolucion\u00e1rias, conectando a experi\u00eancia hist\u00f3rica \u00e0 a\u00e7\u00e3o transformadora do presente.<\/p>\n","protected":false},"author":1,"featured_media":0,"parent":0,"menu_order":0,"comment_status":"closed","ping_status":"closed","template":"","meta":{"footnotes":""},"class_list":["post-830","page","type-page","status-publish","hentry"],"_links":{"self":[{"href":"https:\/\/www.cstuit.com\/home\/wp-json\/wp\/v2\/pages\/830","targetHints":{"allow":["GET"]}}],"collection":[{"href":"https:\/\/www.cstuit.com\/home\/wp-json\/wp\/v2\/pages"}],"about":[{"href":"https:\/\/www.cstuit.com\/home\/wp-json\/wp\/v2\/types\/page"}],"author":[{"embeddable":true,"href":"https:\/\/www.cstuit.com\/home\/wp-json\/wp\/v2\/users\/1"}],"replies":[{"embeddable":true,"href":"https:\/\/www.cstuit.com\/home\/wp-json\/wp\/v2\/comments?post=830"}],"version-history":[{"count":0,"href":"https:\/\/www.cstuit.com\/home\/wp-json\/wp\/v2\/pages\/830\/revisions"}],"wp:attachment":[{"href":"https:\/\/www.cstuit.com\/home\/wp-json\/wp\/v2\/media?parent=830"}],"curies":[{"name":"wp","href":"https:\/\/api.w.org\/{rel}","templated":true}]}}