

	{"id":813,"date":"2025-05-22T01:15:55","date_gmt":"2025-05-22T04:15:55","guid":{"rendered":"https:\/\/www.cstuit.com\/home\/?page_id=813"},"modified":"2025-09-19T15:13:56","modified_gmt":"2025-09-19T18:13:56","slug":"revista-correspondencia-internacional-54","status":"publish","type":"page","link":"https:\/\/www.cstuit.com\/home\/revista-correspondencia-internacional-54\/","title":{"rendered":"Revista Correspond\u00eancia Internacional &#8211; N\u00ba 54"},"content":{"rendered":"<h3><img loading=\"lazy\" decoding=\"async\" class=\"wp-image-17855 size-large aligncenter\" src=\"https:\/\/www.cstuit.com\/home\/wp-content\/uploads\/2025\/09\/revistacorrespondencia45-1024x472.png\" alt=\"Corresporn\u00eancia Internacional n\u00ba 54 - TRUMP: O MAGNATA DO CAOS\" width=\"940\" height=\"433\" \/>Apresenta\u00e7\u00e3o<\/h3>\n<p>Nesta conjuntura internacional, v\u00e1rias palavras s\u00e3o repetidas na m\u00eddia e nas declara\u00e7\u00f5es de pol\u00edticos e analistas burgueses. Entre elas est\u00e3o estupor, terremoto, Armagedom, hecatombe, tremor e incerteza. Caos \u00e9 talvez a mais usada. Chegou a estampar a capa da The Economist com fotos de Trump ao fundo.<\/p>\n<p>Tudo isso est\u00e1 acontecendo em todo o mundo devido \u00e0s pol\u00edticas do extremista de direita Donald Trump. O presidente dos EUA virou o jogo contra o capitalismo. Ele est\u00e1 rompendo todos os acordos pol\u00edticos e econ\u00f4micos que governaram, para o bem ou para o mal, desde o fim da Segunda Guerra Mundial em 1945. O \u00e1pice do caos \u00e9 a &#8220;guerra tarif\u00e1ria&#8221; global, que tem confundido seus pr\u00f3prios aliados nas multinacionais, em Wall Street e no FMI. As a\u00e7\u00f5es de Trump s\u00e3o t\u00e3o ca\u00f3ticas e imprevis\u00edveis que o leitor pode descobrir que muitas das coisas ditas aqui j\u00e1 mudaram.<\/p>\n<p>Esta edi\u00e7\u00e3o da Correspond\u00eancia Internacional tem uma longa se\u00e7\u00e3o dedicada ao significado subjacente desse caos ou hecatombe capitalista. Retornamos \u00e0s defini\u00e7\u00f5es da edi\u00e7\u00e3o especial de abril de 2024, que compartilhou as conclus\u00f5es do Oitavo Congresso Mundial da (UIT-CI), realizado em dezembro de 2023. 1 Nesse congresso, definimos que vivemos a mais grave crise capitalista de sua hist\u00f3ria.<\/p>\n<p>Hoje, isso se torna cada vez mais evidente. Os grandes capitalistas e banqueiros, e seus governos, est\u00e3o aterrorizados com a quantidade de dinheiro que perderam. Mas as consequ\u00eancias desse caos ser\u00e3o suportadas pela classe trabalhadora e pelos povos explorados do mundo. Eles v\u00e3o querer retribuir por seus desastres.<\/p>\n<p>Portanto, para os socialistas revolucion\u00e1rios, o importante \u00e9 apoiar e incentivar mobiliza\u00e7\u00f5es de massa, greves de trabalhadores e rebeli\u00f5es para derrotar os planos de pilhagem, explora\u00e7\u00e3o e coloniza\u00e7\u00e3o do extremista de direita Trump. E isso j\u00e1 come\u00e7ou com as greves gerais na Gr\u00e9cia e na Argentina, com os protestos no Panam\u00e1 ou com as mil e duzentas mobiliza\u00e7\u00f5es que ocorreram em mais de 50 cidades dos EUA. Este \u00e9 o caminho para derrotar Trump, Elon Musk, Meloni ou Milei<\/p>\n<p>Adquira sua revista com a milit\u00e2ncia da CST<\/p>\n","protected":false},"excerpt":{"rendered":"<p>Apresenta\u00e7\u00e3o Nesta conjuntura internacional, v\u00e1rias palavras s\u00e3o repetidas na m\u00eddia e nas declara\u00e7\u00f5es de pol\u00edticos e analistas burgueses. Entre elas est\u00e3o estupor, terremoto, Armagedom, hecatombe, tremor e incerteza. Caos \u00e9 talvez a mais usada. Chegou a estampar a capa da The Economist com fotos de<\/p>\n","protected":false},"author":1,"featured_media":0,"parent":0,"menu_order":0,"comment_status":"closed","ping_status":"closed","template":"","meta":{"footnotes":""},"class_list":["post-813","page","type-page","status-publish","hentry"],"_links":{"self":[{"href":"https:\/\/www.cstuit.com\/home\/wp-json\/wp\/v2\/pages\/813","targetHints":{"allow":["GET"]}}],"collection":[{"href":"https:\/\/www.cstuit.com\/home\/wp-json\/wp\/v2\/pages"}],"about":[{"href":"https:\/\/www.cstuit.com\/home\/wp-json\/wp\/v2\/types\/page"}],"author":[{"embeddable":true,"href":"https:\/\/www.cstuit.com\/home\/wp-json\/wp\/v2\/users\/1"}],"replies":[{"embeddable":true,"href":"https:\/\/www.cstuit.com\/home\/wp-json\/wp\/v2\/comments?post=813"}],"version-history":[{"count":0,"href":"https:\/\/www.cstuit.com\/home\/wp-json\/wp\/v2\/pages\/813\/revisions"}],"wp:attachment":[{"href":"https:\/\/www.cstuit.com\/home\/wp-json\/wp\/v2\/media?parent=813"}],"curies":[{"name":"wp","href":"https:\/\/api.w.org\/{rel}","templated":true}]}}